{"id":36116,"date":"2025-07-30T19:52:12","date_gmt":"2025-07-30T23:52:12","guid":{"rendered":"https:\/\/enna1.com\/accessibility-statement\/"},"modified":"2026-03-16T14:54:15","modified_gmt":"2026-03-16T18:54:15","slug":"declaration-d-accessibilite","status":"publish","type":"page","link":"https:\/\/enna1.com\/fr\/declaration-d-accessibilite\/","title":{"rendered":"Accessibility statement"},"content":{"rendered":"<div data-elementor-type=\"wp-page\" data-elementor-id=\"36116\" class=\"elementor elementor-36116\">\n\t\t\t\t<div class=\"elementor-element elementor-element-46e4129d e-flex e-con-boxed e-con e-parent\" data-id=\"46e4129d\" data-element_type=\"container\" data-e-type=\"container\" data-settings=\"{&quot;background_background&quot;:&quot;classic&quot;}\">\n\t\t\t\t\t<div class=\"e-con-inner\">\n\t\t\t\t<div class=\"elementor-element elementor-element-4373d254 elementor-widget elementor-widget-heading\" data-id=\"4373d254\" data-element_type=\"widget\" data-e-type=\"widget\" data-widget_type=\"heading.default\">\n\t\t\t\t<div class=\"elementor-widget-container\">\n\t\t\t\t\t<h1 class=\"elementor-heading-title elementor-size-default\">D\u00e9claration d\u2019accessibilit\u00e9 pour https:\/\/enna1.com<\/h1>\t\t\t\t<\/div>\n\t\t\t\t<\/div>\n\t\t\t\t\t<\/div>\n\t\t\t\t<\/div>\n\t\t<div class=\"elementor-element elementor-element-178177e0 e-flex e-con-boxed e-con e-parent\" data-id=\"178177e0\" data-element_type=\"container\" data-e-type=\"container\">\n\t\t\t\t\t<div class=\"e-con-inner\">\n\t\t\t\t<div class=\"elementor-element elementor-element-16fb9edb elementor-widget elementor-widget-text-editor\" data-id=\"16fb9edb\" data-element_type=\"widget\" data-e-type=\"widget\" data-widget_type=\"text-editor.default\">\n\t\t\t\t<div class=\"elementor-widget-container\">\n\t\t\t\t\t\t\t\t\t<h4><!-- \/wp:heading --><!-- wp:paragraph --><\/h4>\n<p class=\"translation-block\">Les courtiers ENNA lt\u00e9e s\u2019engage \u00e0 assurer l\u2019accessibilit\u00e9 num\u00e9rique aux personnes en situation de handicap. Nous travaillons continuellement \u00e0 am\u00e9liorer l\u2019exp\u00e9rience utilisateur pour tous et \u00e0 appliquer les normes d\u2019accessibilit\u00e9 pertinentes.<\/p>\n<p><!-- \/wp:paragraph --><!-- wp:heading {\"level\":6} --><\/p>\n<p>Statut de conformit\u00e9<\/p>\n<p><!-- \/wp:heading --><!-- wp:paragraph --><\/p>\n<p>Les R\u00e8gles pour l\u2019accessibilit\u00e9 des contenus Web (WCAG) d\u00e9finissent les exigences destin\u00e9es aux concepteurs et d\u00e9veloppeurs afin d\u2019am\u00e9liorer l\u2019accessibilit\u00e9 pour les personnes en situation de handicap. Elles \u00e9tablissent trois niveaux de conformit\u00e9 : niveau A, niveau AA et niveau AAA.<\/p>\n<p><!-- \/wp:paragraph --><!-- wp:paragraph --><\/p>\n<p class=\"translation-block\">Les courtiers ENNA lt\u00e9e d\u00e9ploie des efforts constants pour am\u00e9liorer l\u2019accessibilit\u00e9 de son site et de ses services, convaincue qu\u2019il s\u2019agit d\u2019une responsabilit\u00e9 morale collective de permettre une utilisation fluide, accessible et sans entrave pour les personnes en situation de handicap.<\/p>\n<p><!-- \/wp:paragraph --><!-- wp:paragraph --><\/p>\n<p class=\"translation-block\">Nous visons \u00e0 rendre toutes les pages et tous les contenus du site https:\/\/enna1.com\n accessibles. Toutefois, certains contenus pourraient ne pas encore r\u00e9pondre pleinement aux normes d\u2019accessibilit\u00e9 les plus \u00e9lev\u00e9es, notamment en raison de d\u00e9fis li\u00e9s \u00e0 l\u2019identification des solutions technologiques les plus appropri\u00e9es.<\/p>\n<p><!-- \/wp:paragraph --><!-- wp:paragraph --><\/p>\n<p>Cette d\u00e9claration peut \u00eatre r\u00e9vis\u00e9e p\u00e9riodiquement afin de refl\u00e9ter les am\u00e9liorations ou les changements apport\u00e9s \u00e0 nos pratiques en mati\u00e8re d\u2019accessibilit\u00e9.<\/p>\n<p><!-- \/wp:paragraph --><!-- wp:heading {\"level\":6} --><\/p>\n<p>Commentaires<\/p>\n<p><!-- \/wp:heading --><!-- wp:paragraph --><\/p>\n<p class=\"translation-block\">Nous accueillons favorablement vos commentaires concernant l\u2019accessibilit\u00e9 du site Web de Les courtiers ENNA lt\u00e9e. Si vous rencontrez des obstacles \u00e0 l\u2019accessibilit\u00e9 sur notre site, veuillez nous en informer :<\/p>\n<p><!-- \/wp:paragraph --><!-- wp:paragraph --><\/p>\n<p class=\"translation-block\">Courriel : info@enna1.com<\/p>\n<p><!-- \/wp:paragraph --><!-- wp:paragraph --><\/p>\n<p>Nous nous effor\u00e7ons de r\u00e9pondre aux commentaires dans un d\u00e9lai de 3 \u00e0 5 jours ouvrables.<\/p>\n<p><!-- \/wp:paragraph --><!-- wp:paragraph --><\/p>\n<p>Cette d\u00e9claration a \u00e9t\u00e9 cr\u00e9\u00e9e le 30 juillet 2025.<\/p>\n<!-- \/wp:paragraph -->\t\t\t\t\t\t\t\t<\/div>\n\t\t\t\t<\/div>\n\t\t\t\t\t<\/div>\n\t\t\t\t<\/div>\n\t\t\t\t<\/div>","protected":false},"excerpt":{"rendered":"<p>Accessibility Statement for https:\/\/enna1.com Les courtiers ENNA lt\u00e9e is committed to ensuring digital accessibility for people with disabilities. We are continually improving the user experience for everyone and applying the relevant accessibility standards. Conformance status The Web Content Accessibility Guidelines (WCAG) defines requirements for designers and developers to improve accessibility for people with disabilities. It [&hellip;]<\/p>\n","protected":false},"author":1,"featured_media":0,"parent":0,"menu_order":0,"comment_status":"closed","ping_status":"closed","template":"","meta":{"om_disable_all_campaigns":false,"footnotes":""},"class_list":["post-36116","page","type-page","status-publish","hentry","entry"],"_links":{"self":[{"href":"https:\/\/enna1.com\/fr\/wp-json\/wp\/v2\/pages\/36116","targetHints":{"allow":["GET"]}}],"collection":[{"href":"https:\/\/enna1.com\/fr\/wp-json\/wp\/v2\/pages"}],"about":[{"href":"https:\/\/enna1.com\/fr\/wp-json\/wp\/v2\/types\/page"}],"author":[{"embeddable":true,"href":"https:\/\/enna1.com\/fr\/wp-json\/wp\/v2\/users\/1"}],"replies":[{"embeddable":true,"href":"https:\/\/enna1.com\/fr\/wp-json\/wp\/v2\/comments?post=36116"}],"version-history":[{"count":10,"href":"https:\/\/enna1.com\/fr\/wp-json\/wp\/v2\/pages\/36116\/revisions"}],"predecessor-version":[{"id":40547,"href":"https:\/\/enna1.com\/fr\/wp-json\/wp\/v2\/pages\/36116\/revisions\/40547"}],"wp:attachment":[{"href":"https:\/\/enna1.com\/fr\/wp-json\/wp\/v2\/media?parent=36116"}],"curies":[{"name":"wp","href":"https:\/\/api.w.org\/{rel}","templated":true}]}}